{"id":20667,"date":"2024-06-24T10:44:45","date_gmt":"2024-06-24T08:44:45","guid":{"rendered":"https:\/\/vielasneakers.com\/?post_type=product&#038;p=20667"},"modified":"2024-06-24T11:02:51","modified_gmt":"2024-06-24T09:02:51","slug":"new-balance-993-made-in-usa","status":"publish","type":"product","link":"https:\/\/vielashop.com\/pt\/shop\/new-balance-993-made-in-usa\/","title":{"rendered":"New Balance 993 Made in USA"},"content":{"rendered":"<p><strong>Envio gratuito em encomendas superiores a \u20ac100<\/strong><\/p>\n<p>O conforto superior encontra-se com o estilo cl\u00e1ssico nos nossos t\u00e9nis de corrida para mulher Made in US 993. Um favorito da lend\u00e1ria s\u00e9rie 990, os 993 apresentam amortecimento responsivo e materiais premium preparados para uma corrida ou para uso o dia inteiro.<\/p>\n<p>Fabricada nos EUA durante mais de 75 anos e a representar uma parte limitada das nossas vendas nos EUA, a New Balance Made \u00e9 uma cole\u00e7\u00e3o de alta qualidade que cont\u00e9m um valor interno igual ou superior a 70%.<\/p>\n<p>&nbsp;<\/p>\n<p><img data-recalc-dims=\"1\" decoding=\"async\" src=\"https:\/\/i0.wp.com\/ae01.alicdn.com\/kf\/S4eb8363e1a4848f79e344dc796a49a35g.jpg?w=1080&#038;ssl=1\" \/><img data-recalc-dims=\"1\" decoding=\"async\" src=\"https:\/\/i0.wp.com\/ae01.alicdn.com\/kf\/Sb791bc5e21af421493458a4337a187b2P.jpg?w=1080&#038;ssl=1\" \/><img data-recalc-dims=\"1\" decoding=\"async\" src=\"https:\/\/i0.wp.com\/ae01.alicdn.com\/kf\/S2c333b01caf84446a2edf02ca97ff4f6M.jpg?w=1080&#038;ssl=1\" \/><img data-recalc-dims=\"1\" decoding=\"async\" src=\"https:\/\/i0.wp.com\/ae01.alicdn.com\/kf\/S328791f5c3304137a03617f90fdfef99H.jpg?w=1080&#038;ssl=1\" \/><img data-recalc-dims=\"1\" decoding=\"async\" src=\"https:\/\/i0.wp.com\/ae01.alicdn.com\/kf\/Se2f186228fc64c5384ec78161b33836bi.jpg?w=1080&#038;ssl=1\" \/><img data-recalc-dims=\"1\" decoding=\"async\" src=\"https:\/\/i0.wp.com\/ae01.alicdn.com\/kf\/S5ca29dc855cc4a9c913719f0c8f37e04X.jpg?w=1080&#038;ssl=1\" \/><img data-recalc-dims=\"1\" decoding=\"async\" src=\"https:\/\/i0.wp.com\/ae01.alicdn.com\/kf\/S638080f5ac3c4e9398567789e4d3fad3k.jpg?w=1080&#038;ssl=1\" \/><img data-recalc-dims=\"1\" decoding=\"async\" src=\"https:\/\/i0.wp.com\/ae01.alicdn.com\/kf\/Sa1223e0655fa45e8892fb319b39ff2026.jpg?w=1080&#038;ssl=1\" \/><img data-recalc-dims=\"1\" decoding=\"async\" src=\"https:\/\/i0.wp.com\/ae01.alicdn.com\/kf\/Se379f343976e4d76aadaa3789f6e2da6A.jpg?w=1080&#038;ssl=1\" \/><img data-recalc-dims=\"1\" decoding=\"async\" src=\"https:\/\/i0.wp.com\/ae01.alicdn.com\/kf\/S3ef22ec8300e4e92bac64e7377f00c6dD.jpg?w=1080&#038;ssl=1\" \/><\/p>","protected":false},"excerpt":{"rendered":"<p>Envio gratuito em encomendas superiores a \u20ac100 O conforto superior encontra-se com o estilo cl\u00e1ssico nos nossos t\u00e9nis de corrida para mulher Made in US&#8230;<\/p>","protected":false},"featured_media":20661,"template":"","meta":{"content-type":""},"product_brand":[],"product_cat":[319],"product_tag":[413],"class_list":{"0":"post-20667","1":"product","2":"type-product","3":"status-publish","4":"has-post-thumbnail","6":"product_cat-new-balance","7":"product_tag-new-balance","9":"first","10":"instock","11":"shipping-taxable","12":"purchasable","13":"product-type-variable"},"jetpack_sharing_enabled":true,"_links":{"self":[{"href":"https:\/\/vielashop.com\/pt\/wp-json\/wp\/v2\/product\/20667","targetHints":{"allow":["GET"]}}],"collection":[{"href":"https:\/\/vielashop.com\/pt\/wp-json\/wp\/v2\/product"}],"about":[{"href":"https:\/\/vielashop.com\/pt\/wp-json\/wp\/v2\/types\/product"}],"wp:featuredmedia":[{"embeddable":true,"href":"https:\/\/vielashop.com\/pt\/wp-json\/wp\/v2\/media\/20661"}],"wp:attachment":[{"href":"https:\/\/vielashop.com\/pt\/wp-json\/wp\/v2\/media?parent=20667"}],"wp:term":[{"taxonomy":"product_brand","embeddable":true,"href":"https:\/\/vielashop.com\/pt\/wp-json\/wp\/v2\/product_brand?post=20667"},{"taxonomy":"product_cat","embeddable":true,"href":"https:\/\/vielashop.com\/pt\/wp-json\/wp\/v2\/product_cat?post=20667"},{"taxonomy":"product_tag","embeddable":true,"href":"https:\/\/vielashop.com\/pt\/wp-json\/wp\/v2\/product_tag?post=20667"}],"curies":[{"name":"wp","href":"https:\/\/api.w.org\/{rel}","templated":true}]}}