{"id":20683,"date":"2024-06-24T10:45:05","date_gmt":"2024-06-24T08:45:05","guid":{"rendered":"https:\/\/vielasneakers.com\/?post_type=product&#038;p=20683"},"modified":"2024-06-24T11:03:55","modified_gmt":"2024-06-24T09:03:55","slug":"new-balance-991","status":"publish","type":"product","link":"https:\/\/vielashop.com\/pt\/shop\/new-balance-991\/","title":{"rendered":"New Balance 991"},"content":{"rendered":"<p><strong>Envio gratuito em encomendas superiores a \u20ac100<\/strong><\/p>\n<p>Este design de edi\u00e7\u00e3o especial celebra as ic\u00f3nicas originais MADE in UK 991, com um conjunto de materiais ricos e detalhes elegantes. Uma alternativa luxuosa ao fabrico standard em rede utiliza nubuck perfurado que imita o aspeto do design elevado cl\u00e1ssico. Realces em camur\u00e7a premium s\u00e3o combinados com toques em material sint\u00e9tico contrastante. A MADE in UK 991v1 &#8220;Finale&#8221; est\u00e1 dispon\u00edvel em dois tons, uma com realces em castanho escuro e a outra com um tom mais claro.<\/p>\n<p>&nbsp;<\/p>\n<p><img data-recalc-dims=\"1\" decoding=\"async\" src=\"https:\/\/i0.wp.com\/ae01.alicdn.com\/kf\/S4eb8363e1a4848f79e344dc796a49a35g.jpg?w=1080&#038;ssl=1\" \/><img data-recalc-dims=\"1\" decoding=\"async\" src=\"https:\/\/i0.wp.com\/ae01.alicdn.com\/kf\/S26f0f3f618664d88bbd8d5240a054456e.jpg?w=1080&#038;ssl=1\" \/><img data-recalc-dims=\"1\" decoding=\"async\" src=\"https:\/\/i0.wp.com\/ae01.alicdn.com\/kf\/Sd71bb7b0c2054fadaf28770b437329fdT.jpg?w=1080&#038;ssl=1\" \/><img data-recalc-dims=\"1\" decoding=\"async\" src=\"https:\/\/i0.wp.com\/ae01.alicdn.com\/kf\/S5ce48d2805d24d31bc432f4da63b7081a.jpg?w=1080&#038;ssl=1\" \/><img data-recalc-dims=\"1\" decoding=\"async\" src=\"https:\/\/i0.wp.com\/ae01.alicdn.com\/kf\/S12fa137ea084459abe15cd19ad9c461fU.jpg?w=1080&#038;ssl=1\" \/><\/p>","protected":false},"excerpt":{"rendered":"<p>Envio gratuito em encomendas superiores a \u20ac100 Este design de edi\u00e7\u00e3o especial celebra as ic\u00f3nicas originais MADE in UK 991, com um conjunto de materiais&#8230;<\/p>","protected":false},"featured_media":20678,"template":"","meta":{"content-type":""},"product_brand":[],"product_cat":[319],"product_tag":[413],"class_list":{"0":"post-20683","1":"product","2":"type-product","3":"status-publish","4":"has-post-thumbnail","6":"product_cat-new-balance","7":"product_tag-new-balance","9":"first","10":"instock","11":"shipping-taxable","12":"purchasable","13":"product-type-variable"},"jetpack_sharing_enabled":true,"_links":{"self":[{"href":"https:\/\/vielashop.com\/pt\/wp-json\/wp\/v2\/product\/20683","targetHints":{"allow":["GET"]}}],"collection":[{"href":"https:\/\/vielashop.com\/pt\/wp-json\/wp\/v2\/product"}],"about":[{"href":"https:\/\/vielashop.com\/pt\/wp-json\/wp\/v2\/types\/product"}],"wp:featuredmedia":[{"embeddable":true,"href":"https:\/\/vielashop.com\/pt\/wp-json\/wp\/v2\/media\/20678"}],"wp:attachment":[{"href":"https:\/\/vielashop.com\/pt\/wp-json\/wp\/v2\/media?parent=20683"}],"wp:term":[{"taxonomy":"product_brand","embeddable":true,"href":"https:\/\/vielashop.com\/pt\/wp-json\/wp\/v2\/product_brand?post=20683"},{"taxonomy":"product_cat","embeddable":true,"href":"https:\/\/vielashop.com\/pt\/wp-json\/wp\/v2\/product_cat?post=20683"},{"taxonomy":"product_tag","embeddable":true,"href":"https:\/\/vielashop.com\/pt\/wp-json\/wp\/v2\/product_tag?post=20683"}],"curies":[{"name":"wp","href":"https:\/\/api.w.org\/{rel}","templated":true}]}}