{"id":20887,"date":"2024-06-24T11:04:48","date_gmt":"2024-06-24T09:04:48","guid":{"rendered":"https:\/\/vielasneakers.com\/?post_type=product&#038;p=20887"},"modified":"2024-06-24T11:13:35","modified_gmt":"2024-06-24T09:13:35","slug":"new-balance-990v4","status":"publish","type":"product","link":"https:\/\/vielashop.com\/pt\/shop\/new-balance-990v4\/","title":{"rendered":"New Balance 990v4"},"content":{"rendered":"<p><strong>Envio gratuito em encomendas superiores a \u20ac100<\/strong><\/p>\n<p><strong>Descri\u00e7\u00e3o<\/strong><\/p>\n<p>Os designers originais dos 990 foram desafiados para criar os melhores t\u00e9nis de corrida no mercado. O produto final fez mais do que jus \u00e0s exig\u00eancias. Quando chegaram \u00e0s prateleiras pela primeira vez em 1982, os 990 apresentavam uma cor cinzenta elegantemente discreta e uma, ent\u00e3o in\u00e9dita, etiqueta de pre\u00e7o com tr\u00eas n\u00fameros. Para corredores \u00e1vidos e na vanguarda da moda, os 990 eram uma marca de qualidade e de gosto superior. Houve atualiza\u00e7\u00f5es no design desde 82, e mais op\u00e7\u00f5es de cores, mas a aura de s\u00edmbolo de estatuto aspiracional dos 990 nunca mudou. De forma simples, os 990 s\u00e3o t\u00e9nis t\u00e3o bons que nunca paramos de os fabricar. Os designers originais dos 990 foram desafiados para criar os melhores t\u00e9nis de corrida no mercado. O produto final fez mais do que jus \u00e0s exig\u00eancias. Quando chegaram \u00e0s prateleiras pela primeira vez em 1982, os 990 apresentavam uma cor cinzenta elegantemente discreta e uma, ent\u00e3o in\u00e9dita, etiqueta de pre\u00e7o com tr\u00eas n\u00fameros. Para corredores \u00e1vidos e na vanguarda da moda, os 990 eram uma marca de qualidade e de gosto superior. Houve atualiza\u00e7\u00f5es no design desde 82, e mais op\u00e7\u00f5es de cores, mas a aura de s\u00edmbolo de estatuto aspiracional dos 990 nunca mudou. De forma simples, os 990 s\u00e3o t\u00e9nis t\u00e3o bons que nunca paramos de os fabricar. Os MADE in USA 990v4, originalmente lan\u00e7ados em 2016, continuaram a aperfei\u00e7oar a moderniza\u00e7\u00e3o da silhueta dos v3 com uma abordagem simplificada na parte superior em rede e camur\u00e7a de pele de porco, com ajustes refinados no acolchoado.<\/p>\n<p>&nbsp;<\/p>\n<p><img data-recalc-dims=\"1\" decoding=\"async\" src=\"https:\/\/i0.wp.com\/ae01.alicdn.com\/kf\/S4eb8363e1a4848f79e344dc796a49a35g.jpg?w=1080&#038;ssl=1\" \/><\/p>","protected":false},"excerpt":{"rendered":"<p>Envio gratuito em encomendas superiores a \u20ac100 Descri\u00e7\u00e3o Os designers originais dos 990 foram desafiados para criar os melhores t\u00e9nis de corrida no mercado. O&#8230;<\/p>","protected":false},"featured_media":20885,"template":"","meta":{"content-type":""},"product_brand":[],"product_cat":[319],"product_tag":[413,412],"class_list":{"0":"post-20887","1":"product","2":"type-product","3":"status-publish","4":"has-post-thumbnail","6":"product_cat-new-balance","7":"product_tag-new-balance","8":"product_tag-new-balance-990","10":"first","11":"instock","12":"shipping-taxable","13":"purchasable","14":"product-type-variable"},"jetpack_sharing_enabled":true,"_links":{"self":[{"href":"https:\/\/vielashop.com\/pt\/wp-json\/wp\/v2\/product\/20887","targetHints":{"allow":["GET"]}}],"collection":[{"href":"https:\/\/vielashop.com\/pt\/wp-json\/wp\/v2\/product"}],"about":[{"href":"https:\/\/vielashop.com\/pt\/wp-json\/wp\/v2\/types\/product"}],"wp:featuredmedia":[{"embeddable":true,"href":"https:\/\/vielashop.com\/pt\/wp-json\/wp\/v2\/media\/20885"}],"wp:attachment":[{"href":"https:\/\/vielashop.com\/pt\/wp-json\/wp\/v2\/media?parent=20887"}],"wp:term":[{"taxonomy":"product_brand","embeddable":true,"href":"https:\/\/vielashop.com\/pt\/wp-json\/wp\/v2\/product_brand?post=20887"},{"taxonomy":"product_cat","embeddable":true,"href":"https:\/\/vielashop.com\/pt\/wp-json\/wp\/v2\/product_cat?post=20887"},{"taxonomy":"product_tag","embeddable":true,"href":"https:\/\/vielashop.com\/pt\/wp-json\/wp\/v2\/product_tag?post=20887"}],"curies":[{"name":"wp","href":"https:\/\/api.w.org\/{rel}","templated":true}]}}