{"id":21251,"date":"2024-06-25T08:01:49","date_gmt":"2024-06-25T06:01:49","guid":{"rendered":"https:\/\/vielasneakers.com\/loja\/nike-dunk-low-photon-dust\/"},"modified":"2024-06-27T09:00:27","modified_gmt":"2024-06-27T07:00:27","slug":"nike-dunk-low-photon-dust","status":"publish","type":"product","link":"https:\/\/vielashop.com\/pt\/shop\/nike-dunk-low-photon-dust\/","title":{"rendered":"Nike Dunk Low Photon Dust"},"content":{"rendered":"<p>Criado para o piso duro, mas renovado para as ruas, o \u00edcone do basquetebol dos anos 80 regressa com sobreposi\u00e7\u00f5es com um brilho perfeito e cores de equipas cl\u00e1ssicas. Com o seu design emblem\u00e1tico de basquetebol, as Nike Dunk Low transportam o look vintage dos anos 80 para as ruas, enquanto a boca almofadada de corte baixo permite enfrentar o jogo em qualquer lugar, com conforto.<\/p>\n<p>Cor apresentada: Branco\/Branco\/Photon Dust<br \/>\nEstilo: DD1503-103<\/p>","protected":false},"excerpt":{"rendered":"<p>Criado para o piso duro, mas renovado para as ruas, o \u00edcone do basquetebol dos anos 80 regressa com sobreposi\u00e7\u00f5es com um brilho perfeito e&#8230;<\/p>","protected":false},"featured_media":21249,"template":"","meta":{"content-type":""},"product_brand":[],"product_cat":[25],"product_tag":[399],"class_list":{"0":"post-21251","1":"product","2":"type-product","3":"status-publish","4":"has-post-thumbnail","6":"product_cat-nike","7":"product_tag-nike","9":"first","10":"instock","11":"shipping-taxable","12":"purchasable","13":"product-type-variable"},"jetpack_sharing_enabled":true,"_links":{"self":[{"href":"https:\/\/vielashop.com\/pt\/wp-json\/wp\/v2\/product\/21251","targetHints":{"allow":["GET"]}}],"collection":[{"href":"https:\/\/vielashop.com\/pt\/wp-json\/wp\/v2\/product"}],"about":[{"href":"https:\/\/vielashop.com\/pt\/wp-json\/wp\/v2\/types\/product"}],"wp:featuredmedia":[{"embeddable":true,"href":"https:\/\/vielashop.com\/pt\/wp-json\/wp\/v2\/media\/21249"}],"wp:attachment":[{"href":"https:\/\/vielashop.com\/pt\/wp-json\/wp\/v2\/media?parent=21251"}],"wp:term":[{"taxonomy":"product_brand","embeddable":true,"href":"https:\/\/vielashop.com\/pt\/wp-json\/wp\/v2\/product_brand?post=21251"},{"taxonomy":"product_cat","embeddable":true,"href":"https:\/\/vielashop.com\/pt\/wp-json\/wp\/v2\/product_cat?post=21251"},{"taxonomy":"product_tag","embeddable":true,"href":"https:\/\/vielashop.com\/pt\/wp-json\/wp\/v2\/product_tag?post=21251"}],"curies":[{"name":"wp","href":"https:\/\/api.w.org\/{rel}","templated":true}]}}