{"id":22050,"date":"2024-07-04T02:39:44","date_gmt":"2024-07-04T00:39:44","guid":{"rendered":"https:\/\/vielasneakers.com\/loja\/new-balance-2002r-4\/"},"modified":"2024-07-04T03:16:25","modified_gmt":"2024-07-04T01:16:25","slug":"new-balance-2002r-4","status":"publish","type":"product","link":"https:\/\/vielashop.com\/pt\/shop\/new-balance-2002r-4\/","title":{"rendered":"New Balance 2002R"},"content":{"rendered":"<p><strong>Envio gratuito em encomendas superiores a \u20ac100<\/strong><\/p>\n<p>Os nossos t\u00e9nis 2002R para homem provam que as sapatilhas elegantes ainda podem ser confort\u00e1veis. A parte superior em camur\u00e7a e malha premium \u00e9 inspirada por t\u00e9nis de corrida dos anos 2000 para uma est\u00e9tica retro encontra o moderno que cimenta o seu estatuto de influenciador de estilo. A entressola ABZORB e o amortecimento do calcanhar ABZORB SBS proporcionam conforto duradouro \u00e0 medida que a sola exterior N-ergy e Stability Web oferecem apoio do arco e absor\u00e7\u00e3o dos choques, para que possa usar o dia inteiro.<\/p>\n<p>&nbsp;<\/p>\n<p><img data-recalc-dims=\"1\" decoding=\"async\" src=\"https:\/\/i0.wp.com\/ae01.alicdn.com\/kf\/S4eb8363e1a4848f79e344dc796a49a35g.jpg?w=1080&#038;ssl=1\" \/><\/p>","protected":false},"excerpt":{"rendered":"<p>Envio gratuito em encomendas superiores a \u20ac100 Os nossos t\u00e9nis 2002R para homem provam que as sapatilhas elegantes ainda podem ser confort\u00e1veis. A parte superior&#8230;<\/p>","protected":false},"featured_media":22051,"template":"","meta":{"content-type":""},"product_brand":[],"product_cat":[319],"product_tag":[413],"class_list":{"0":"post-22050","1":"product","2":"type-product","3":"status-publish","4":"has-post-thumbnail","6":"product_cat-new-balance","7":"product_tag-new-balance","9":"first","10":"instock","11":"shipping-taxable","12":"purchasable","13":"product-type-variable"},"jetpack_sharing_enabled":true,"_links":{"self":[{"href":"https:\/\/vielashop.com\/pt\/wp-json\/wp\/v2\/product\/22050","targetHints":{"allow":["GET"]}}],"collection":[{"href":"https:\/\/vielashop.com\/pt\/wp-json\/wp\/v2\/product"}],"about":[{"href":"https:\/\/vielashop.com\/pt\/wp-json\/wp\/v2\/types\/product"}],"wp:featuredmedia":[{"embeddable":true,"href":"https:\/\/vielashop.com\/pt\/wp-json\/wp\/v2\/media\/22051"}],"wp:attachment":[{"href":"https:\/\/vielashop.com\/pt\/wp-json\/wp\/v2\/media?parent=22050"}],"wp:term":[{"taxonomy":"product_brand","embeddable":true,"href":"https:\/\/vielashop.com\/pt\/wp-json\/wp\/v2\/product_brand?post=22050"},{"taxonomy":"product_cat","embeddable":true,"href":"https:\/\/vielashop.com\/pt\/wp-json\/wp\/v2\/product_cat?post=22050"},{"taxonomy":"product_tag","embeddable":true,"href":"https:\/\/vielashop.com\/pt\/wp-json\/wp\/v2\/product_tag?post=22050"}],"curies":[{"name":"wp","href":"https:\/\/api.w.org\/{rel}","templated":true}]}}