{"id":23254,"date":"2024-07-05T11:58:45","date_gmt":"2024-07-05T09:58:45","guid":{"rendered":"https:\/\/vielasneakers.com\/loja\/puma-smash-3-0-l\/"},"modified":"2024-07-05T12:15:48","modified_gmt":"2024-07-05T10:15:48","slug":"puma-smash-3-0-l","status":"publish","type":"product","link":"https:\/\/vielashop.com\/pt\/shop\/puma-smash-3-0-l\/","title":{"rendered":"Puma Smash 3.0 L"},"content":{"rendered":"<p>O Smash inspirado no t\u00eanis est\u00e1 de volta e melhor do que nunca, apresentando sua silhueta cl\u00e1ssica, com linhas longas e limpas, e uma gola e palmilha acolchoadas atualizadas.<\/p>\n<p>&nbsp;<\/p>\n<p><img data-recalc-dims=\"1\" decoding=\"async\" src=\"https:\/\/i0.wp.com\/ae01.alicdn.com\/kf\/S20dc3656dd294fa98d0f7021b4521f597.jpg?w=1080&#038;ssl=1\" \/><\/p>\n<p><img data-recalc-dims=\"1\" decoding=\"async\" src=\"https:\/\/i0.wp.com\/ae01.alicdn.com\/kf\/S8e4e647e86464ef282206093cf4026f6n.jpg?w=1080&#038;ssl=1\" \/><img data-recalc-dims=\"1\" decoding=\"async\" src=\"https:\/\/i0.wp.com\/ae01.alicdn.com\/kf\/S34e32a8a8d294dc68ae78bcfd1334978r.jpg?w=1080&#038;ssl=1\" \/><img data-recalc-dims=\"1\" decoding=\"async\" src=\"https:\/\/i0.wp.com\/ae01.alicdn.com\/kf\/S7390154c020e4096bab241a4ac16a1a3i.jpg?w=1080&#038;ssl=1\" \/><img data-recalc-dims=\"1\" decoding=\"async\" src=\"https:\/\/i0.wp.com\/ae01.alicdn.com\/kf\/S44b15a15072944489bd0e7fce080b808U.jpg?w=1080&#038;ssl=1\" \/><img data-recalc-dims=\"1\" decoding=\"async\" src=\"https:\/\/i0.wp.com\/ae01.alicdn.com\/kf\/S6c80fdf35fd4449787dd6d36143a3991g.jpg?w=1080&#038;ssl=1\" \/><img data-recalc-dims=\"1\" decoding=\"async\" src=\"https:\/\/i0.wp.com\/ae01.alicdn.com\/kf\/Sbaa701b4e7c141ffbcd4bffbc54dfcfdE.jpg?w=1080&#038;ssl=1\" \/><img data-recalc-dims=\"1\" decoding=\"async\" src=\"https:\/\/i0.wp.com\/ae01.alicdn.com\/kf\/S6f88ed40cfca46bab80e6431923ebefcy.jpg?w=1080&#038;ssl=1\" \/><img data-recalc-dims=\"1\" decoding=\"async\" src=\"https:\/\/i0.wp.com\/ae01.alicdn.com\/kf\/S5ec4bf6d13d644ce8843db1e9f85e4b3F.jpg?w=1080&#038;ssl=1\" \/><img data-recalc-dims=\"1\" decoding=\"async\" src=\"https:\/\/i0.wp.com\/ae01.alicdn.com\/kf\/S05190075bc1549f68fcd52adb60e4990Y.jpg?w=1080&#038;ssl=1\" \/><img data-recalc-dims=\"1\" decoding=\"async\" src=\"https:\/\/i0.wp.com\/ae01.alicdn.com\/kf\/S91dfdde675bb403b8e9e8153b40bc433G.jpg?w=1080&#038;ssl=1\" \/><img data-recalc-dims=\"1\" decoding=\"async\" src=\"https:\/\/i0.wp.com\/ae01.alicdn.com\/kf\/Sa7e9e4c3dc624edfa239533cdf593c0bt.jpg?w=1080&#038;ssl=1\" \/><img data-recalc-dims=\"1\" decoding=\"async\" src=\"https:\/\/i0.wp.com\/ae01.alicdn.com\/kf\/Sd0edddfc5484449598bd0c1eac9ae0991.jpg?w=1080&#038;ssl=1\" \/><img data-recalc-dims=\"1\" decoding=\"async\" src=\"https:\/\/i0.wp.com\/ae01.alicdn.com\/kf\/S06036b3f719343d19a3ae1de2603e5e4q.jpg?w=1080&#038;ssl=1\" \/><img data-recalc-dims=\"1\" decoding=\"async\" src=\"https:\/\/i0.wp.com\/ae01.alicdn.com\/kf\/S58059d43a2aa4a16a7a55b34b39b10ecU.jpg?w=1080&#038;ssl=1\" \/><img data-recalc-dims=\"1\" decoding=\"async\" src=\"https:\/\/i0.wp.com\/ae01.alicdn.com\/kf\/S7d59173f1bbe45dea99e367d2fb2e0d0T.jpg?w=1080&#038;ssl=1\" \/><img data-recalc-dims=\"1\" decoding=\"async\" src=\"https:\/\/i0.wp.com\/ae01.alicdn.com\/kf\/S413225dc199645deb24ff39dc3adf20eE.jpg?w=1080&#038;ssl=1\" \/><img data-recalc-dims=\"1\" decoding=\"async\" src=\"https:\/\/i0.wp.com\/ae01.alicdn.com\/kf\/Sfa9e5e5267874c2a9b8f39204629bf37i.jpg?w=1080&#038;ssl=1\" \/><img data-recalc-dims=\"1\" decoding=\"async\" src=\"https:\/\/i0.wp.com\/ae01.alicdn.com\/kf\/S10650dfe1e15408db1a0e2e5ff8274359.jpg?w=1080&#038;ssl=1\" \/><img data-recalc-dims=\"1\" decoding=\"async\" src=\"https:\/\/i0.wp.com\/ae01.alicdn.com\/kf\/Se92346bc5f324b5da8f55f5b85d70d44A.jpg?w=1080&#038;ssl=1\" \/><img data-recalc-dims=\"1\" decoding=\"async\" src=\"https:\/\/i0.wp.com\/ae01.alicdn.com\/kf\/Sa0cad521c4b44055aacf1debe4bfd8357.jpg?w=1080&#038;ssl=1\" \/><img data-recalc-dims=\"1\" decoding=\"async\" src=\"https:\/\/i0.wp.com\/ae01.alicdn.com\/kf\/Sc29ea1af87a84649a0a9ac63df6e2f2eM.jpg?w=1080&#038;ssl=1\" \/><img data-recalc-dims=\"1\" decoding=\"async\" src=\"https:\/\/i0.wp.com\/ae01.alicdn.com\/kf\/Se7dea60825894c49b5891c82469eb752z.jpg?w=1080&#038;ssl=1\" \/><\/p>","protected":false},"excerpt":{"rendered":"<p>O Smash inspirado no t\u00eanis est\u00e1 de volta e melhor do que nunca, apresentando sua silhueta cl\u00e1ssica, com linhas longas e limpas, e uma gola&#8230;<\/p>","protected":false},"featured_media":23253,"template":"","meta":{"content-type":""},"product_brand":[],"product_cat":[844],"product_tag":[],"class_list":{"0":"post-23254","1":"product","2":"type-product","3":"status-publish","4":"has-post-thumbnail","6":"product_cat-puma","8":"first","9":"instock","10":"shipping-taxable","11":"purchasable","12":"product-type-variable"},"jetpack_sharing_enabled":true,"_links":{"self":[{"href":"https:\/\/vielashop.com\/pt\/wp-json\/wp\/v2\/product\/23254","targetHints":{"allow":["GET"]}}],"collection":[{"href":"https:\/\/vielashop.com\/pt\/wp-json\/wp\/v2\/product"}],"about":[{"href":"https:\/\/vielashop.com\/pt\/wp-json\/wp\/v2\/types\/product"}],"wp:featuredmedia":[{"embeddable":true,"href":"https:\/\/vielashop.com\/pt\/wp-json\/wp\/v2\/media\/23253"}],"wp:attachment":[{"href":"https:\/\/vielashop.com\/pt\/wp-json\/wp\/v2\/media?parent=23254"}],"wp:term":[{"taxonomy":"product_brand","embeddable":true,"href":"https:\/\/vielashop.com\/pt\/wp-json\/wp\/v2\/product_brand?post=23254"},{"taxonomy":"product_cat","embeddable":true,"href":"https:\/\/vielashop.com\/pt\/wp-json\/wp\/v2\/product_cat?post=23254"},{"taxonomy":"product_tag","embeddable":true,"href":"https:\/\/vielashop.com\/pt\/wp-json\/wp\/v2\/product_tag?post=23254"}],"curies":[{"name":"wp","href":"https:\/\/api.w.org\/{rel}","templated":true}]}}