{"id":23686,"date":"2024-07-06T09:05:35","date_gmt":"2024-07-06T07:05:35","guid":{"rendered":"https:\/\/vielasneakers.com\/loja\/adidas-forum-low-classic\/"},"modified":"2024-07-09T07:34:47","modified_gmt":"2024-07-09T05:34:47","slug":"adidas-forum-low-classic","status":"publish","type":"product","link":"https:\/\/vielashop.com\/pt\/shop\/adidas-forum-low-classic\/","title":{"rendered":"Adidas Forum Low"},"content":{"rendered":"<p>Este par de sneakers Forum Low da Adidas oferece o equil\u00edbrio perfeito entre estilo descontra\u00eddo e retro. O conforto \u00e9 assegurado pelo topo em pele premium e pelo forro em t\u00eaxtil suave. Estes sneakers vers\u00e1teis s\u00e3o essenciais em qualquer guarda-roupa.<\/p>\n<p>&nbsp;<\/p>\n<p><img data-recalc-dims=\"1\" decoding=\"async\" src=\"https:\/\/i0.wp.com\/ae01.alicdn.com\/kf\/Seb76a9f02f8a4b9592fd91f99a34867d0.png?w=1080&#038;ssl=1\" \/><\/p>","protected":false},"excerpt":{"rendered":"<p>Este par de sneakers Forum Low da Adidas oferece o equil\u00edbrio perfeito entre estilo descontra\u00eddo e retro. O conforto \u00e9 assegurado pelo topo em pele&#8230;<\/p>","protected":false},"featured_media":23687,"template":"","meta":{"content-type":""},"product_brand":[],"product_cat":[320,29],"product_tag":[347],"class_list":{"0":"post-23686","1":"product","2":"type-product","3":"status-publish","4":"has-post-thumbnail","6":"product_cat-adidas","7":"product_cat-sneakers","8":"product_tag-adidas","10":"first","11":"instock","12":"shipping-taxable","13":"purchasable","14":"product-type-variable"},"jetpack_sharing_enabled":true,"_links":{"self":[{"href":"https:\/\/vielashop.com\/pt\/wp-json\/wp\/v2\/product\/23686","targetHints":{"allow":["GET"]}}],"collection":[{"href":"https:\/\/vielashop.com\/pt\/wp-json\/wp\/v2\/product"}],"about":[{"href":"https:\/\/vielashop.com\/pt\/wp-json\/wp\/v2\/types\/product"}],"wp:featuredmedia":[{"embeddable":true,"href":"https:\/\/vielashop.com\/pt\/wp-json\/wp\/v2\/media\/23687"}],"wp:attachment":[{"href":"https:\/\/vielashop.com\/pt\/wp-json\/wp\/v2\/media?parent=23686"}],"wp:term":[{"taxonomy":"product_brand","embeddable":true,"href":"https:\/\/vielashop.com\/pt\/wp-json\/wp\/v2\/product_brand?post=23686"},{"taxonomy":"product_cat","embeddable":true,"href":"https:\/\/vielashop.com\/pt\/wp-json\/wp\/v2\/product_cat?post=23686"},{"taxonomy":"product_tag","embeddable":true,"href":"https:\/\/vielashop.com\/pt\/wp-json\/wp\/v2\/product_tag?post=23686"}],"curies":[{"name":"wp","href":"https:\/\/api.w.org\/{rel}","templated":true}]}}