{"id":24402,"date":"2024-07-06T12:27:56","date_gmt":"2024-07-06T10:27:56","guid":{"rendered":"https:\/\/vielasneakers.com\/loja\/adidas-originals-samba-og\/"},"modified":"2024-07-09T10:23:02","modified_gmt":"2024-07-09T08:23:02","slug":"adidas-originals-samba-og","status":"publish","type":"product","link":"https:\/\/vielashop.com\/pt\/shop\/adidas-originals-samba-og\/","title":{"rendered":"Adidas Originals Samba OG"},"content":{"rendered":"<p>Nascidas no relvado, as Samba s\u00e3o um \u00edcone intemporal do estilo urbano. Esta silhueta \u00e9 fiel ao seu legado, com um elegante e discreto topo em pele suave, sobreposi\u00e7\u00f5es em camur\u00e7a e sola de borracha. Um essencial para qualquer guarda-roupa, dentro e fora do relvado.<\/p>\n<p>&nbsp;<\/p>\n<p><img data-recalc-dims=\"1\" decoding=\"async\" src=\"https:\/\/i0.wp.com\/ae01.alicdn.com\/kf\/Seb76a9f02f8a4b9592fd91f99a34867d0.png?w=1080&#038;ssl=1\" \/><\/p>","protected":false},"excerpt":{"rendered":"<p>Nascidas no relvado, as Samba s\u00e3o um \u00edcone intemporal do estilo urbano. Esta silhueta \u00e9 fiel ao seu legado, com um elegante e discreto topo&#8230;<\/p>","protected":false},"featured_media":24384,"template":"","meta":{"content-type":""},"product_brand":[],"product_cat":[320],"product_tag":[347,857],"class_list":{"0":"post-24402","1":"product","2":"type-product","3":"status-publish","4":"has-post-thumbnail","6":"product_cat-adidas","7":"product_tag-adidas","8":"product_tag-adidas-originals","10":"first","11":"instock","12":"shipping-taxable","13":"purchasable","14":"product-type-variable"},"jetpack_sharing_enabled":true,"_links":{"self":[{"href":"https:\/\/vielashop.com\/pt\/wp-json\/wp\/v2\/product\/24402","targetHints":{"allow":["GET"]}}],"collection":[{"href":"https:\/\/vielashop.com\/pt\/wp-json\/wp\/v2\/product"}],"about":[{"href":"https:\/\/vielashop.com\/pt\/wp-json\/wp\/v2\/types\/product"}],"wp:featuredmedia":[{"embeddable":true,"href":"https:\/\/vielashop.com\/pt\/wp-json\/wp\/v2\/media\/24384"}],"wp:attachment":[{"href":"https:\/\/vielashop.com\/pt\/wp-json\/wp\/v2\/media?parent=24402"}],"wp:term":[{"taxonomy":"product_brand","embeddable":true,"href":"https:\/\/vielashop.com\/pt\/wp-json\/wp\/v2\/product_brand?post=24402"},{"taxonomy":"product_cat","embeddable":true,"href":"https:\/\/vielashop.com\/pt\/wp-json\/wp\/v2\/product_cat?post=24402"},{"taxonomy":"product_tag","embeddable":true,"href":"https:\/\/vielashop.com\/pt\/wp-json\/wp\/v2\/product_tag?post=24402"}],"curies":[{"name":"wp","href":"https:\/\/api.w.org\/{rel}","templated":true}]}}