{"id":24768,"date":"2024-07-09T07:13:50","date_gmt":"2024-07-09T05:13:50","guid":{"rendered":"https:\/\/vielasneakers.com\/loja\/nike-air-force-1-low-07\/"},"modified":"2024-07-09T10:27:52","modified_gmt":"2024-07-09T08:27:52","slug":"nike-air-force-1-low-07","status":"publish","type":"product","link":"https:\/\/vielashop.com\/pt\/shop\/nike-air-force-1-low-07\/","title":{"rendered":"Nike Air Force 1 Low &#8217;07"},"content":{"rendered":"<h3>ESTILO LEND\u00c1RIO COM SOFISTICA\u00c7\u00c3O<\/h3>\n<p>O brilho perdura no Nike Air Force 1 \u201907, o t\u00eanis original do basquete que d\u00e1 um toque de inova\u00e7\u00e3o naquilo que voc\u00ea conhece bem: sobreposi\u00e7\u00f5es costuradas e dur\u00e1veis, acabamentos simples e a quantidade perfeita de brilho para fazer voc\u00ea se destacar.<\/p>\n<p><strong>Benef\u00edcios<\/strong><\/p>\n<p>As camadas costuradas na parte de cima trazem estilo, durabilidade e sustenta\u00e7\u00e3o de heran\u00e7a.<br \/>\nProjetado originalmente para jogos de basquete de alto desempenho, o amortecimento Nike Air adiciona leveza para conforto o dia todo.<br \/>\nA silhueta de corte baixo proporciona um look simplificado e minimalista.<br \/>\nA gola acolchoada \u00e9 macia e confort\u00e1vel.<\/p>\n<p><strong>Detalhes do produto<\/strong><\/p>\n<p>Entressola de espuma<br \/>\nPerfura\u00e7\u00f5es na ponta<br \/>\nSola de borracha<\/p>\n<p><strong>Origens do Air Force 1<\/strong><\/p>\n<p>Estreando em 1982, o AF1 foi o primeiro t\u00eanis de basquete a abrigar o Nike Air, revolucionando o jogo e ganhando tra\u00e7\u00e3o rapidamente em todo o mundo. Hoje, o Air Force 1 permanece fiel \u00e0s suas ra\u00edzes com o mesmo amortecimento macio e el\u00e1stico que mudou a hist\u00f3ria dos sneakers.<\/p>","protected":false},"excerpt":{"rendered":"<p>ESTILO LEND\u00c1RIO COM SOFISTICA\u00c7\u00c3O O brilho perdura no Nike Air Force 1 \u201907, o t\u00eanis original do basquete que d\u00e1 um toque de inova\u00e7\u00e3o naquilo&#8230;<\/p>","protected":false},"featured_media":24773,"template":"","meta":{"content-type":""},"product_brand":[],"product_cat":[25],"product_tag":[399,774],"class_list":{"0":"post-24768","1":"product","2":"type-product","3":"status-publish","4":"has-post-thumbnail","6":"product_cat-nike","7":"product_tag-nike","8":"product_tag-nike-air-force","10":"first","11":"instock","12":"shipping-taxable","13":"purchasable","14":"product-type-variable"},"jetpack_sharing_enabled":true,"_links":{"self":[{"href":"https:\/\/vielashop.com\/pt\/wp-json\/wp\/v2\/product\/24768","targetHints":{"allow":["GET"]}}],"collection":[{"href":"https:\/\/vielashop.com\/pt\/wp-json\/wp\/v2\/product"}],"about":[{"href":"https:\/\/vielashop.com\/pt\/wp-json\/wp\/v2\/types\/product"}],"wp:featuredmedia":[{"embeddable":true,"href":"https:\/\/vielashop.com\/pt\/wp-json\/wp\/v2\/media\/24773"}],"wp:attachment":[{"href":"https:\/\/vielashop.com\/pt\/wp-json\/wp\/v2\/media?parent=24768"}],"wp:term":[{"taxonomy":"product_brand","embeddable":true,"href":"https:\/\/vielashop.com\/pt\/wp-json\/wp\/v2\/product_brand?post=24768"},{"taxonomy":"product_cat","embeddable":true,"href":"https:\/\/vielashop.com\/pt\/wp-json\/wp\/v2\/product_cat?post=24768"},{"taxonomy":"product_tag","embeddable":true,"href":"https:\/\/vielashop.com\/pt\/wp-json\/wp\/v2\/product_tag?post=24768"}],"curies":[{"name":"wp","href":"https:\/\/api.w.org\/{rel}","templated":true}]}}