{"id":24935,"date":"2024-07-09T08:28:23","date_gmt":"2024-07-09T06:28:23","guid":{"rendered":"https:\/\/vielasneakers.com\/loja\/adidas-forum-low-4\/"},"modified":"2024-07-09T10:15:04","modified_gmt":"2024-07-09T08:15:04","slug":"adidas-forum-low-4","status":"publish","type":"product","link":"https:\/\/vielashop.com\/pt\/shop\/adidas-forum-low-4\/","title":{"rendered":"Adidas Forum Low"},"content":{"rendered":"<p>Este par de sneakers Forum Low da Adidas oferece o equil\u00edbrio perfeito entre estilo descontra\u00eddo e retro. O conforto \u00e9 assegurado pelo topo em pele premium e pelo forro em t\u00eaxtil suave. Estes sneakers vers\u00e1teis s\u00e3o essenciais em qualquer guarda-roupa.<\/p>\n<p>&nbsp;<\/p>\n<p><img data-recalc-dims=\"1\" decoding=\"async\" src=\"https:\/\/i0.wp.com\/ae01.alicdn.com\/kf\/Seb76a9f02f8a4b9592fd91f99a34867d0.png?w=1080&#038;ssl=1\" \/><\/p>","protected":false},"excerpt":{"rendered":"<p>Este par de sneakers Forum Low da Adidas oferece o equil\u00edbrio perfeito entre estilo descontra\u00eddo e retro. O conforto \u00e9 assegurado pelo topo em pele&#8230;<\/p>","protected":false},"featured_media":24934,"template":"","meta":{"content-type":""},"product_brand":[],"product_cat":[320],"product_tag":[347],"class_list":{"0":"post-24935","1":"product","2":"type-product","3":"status-publish","4":"has-post-thumbnail","6":"product_cat-adidas","7":"product_tag-adidas","9":"first","10":"instock","11":"shipping-taxable","12":"purchasable","13":"product-type-variable"},"jetpack_sharing_enabled":true,"_links":{"self":[{"href":"https:\/\/vielashop.com\/pt\/wp-json\/wp\/v2\/product\/24935","targetHints":{"allow":["GET"]}}],"collection":[{"href":"https:\/\/vielashop.com\/pt\/wp-json\/wp\/v2\/product"}],"about":[{"href":"https:\/\/vielashop.com\/pt\/wp-json\/wp\/v2\/types\/product"}],"wp:featuredmedia":[{"embeddable":true,"href":"https:\/\/vielashop.com\/pt\/wp-json\/wp\/v2\/media\/24934"}],"wp:attachment":[{"href":"https:\/\/vielashop.com\/pt\/wp-json\/wp\/v2\/media?parent=24935"}],"wp:term":[{"taxonomy":"product_brand","embeddable":true,"href":"https:\/\/vielashop.com\/pt\/wp-json\/wp\/v2\/product_brand?post=24935"},{"taxonomy":"product_cat","embeddable":true,"href":"https:\/\/vielashop.com\/pt\/wp-json\/wp\/v2\/product_cat?post=24935"},{"taxonomy":"product_tag","embeddable":true,"href":"https:\/\/vielashop.com\/pt\/wp-json\/wp\/v2\/product_tag?post=24935"}],"curies":[{"name":"wp","href":"https:\/\/api.w.org\/{rel}","templated":true}]}}