{"id":25131,"date":"2024-07-09T08:55:39","date_gmt":"2024-07-09T06:55:39","guid":{"rendered":"https:\/\/vielasneakers.com\/loja\/adidas-superstar-originals\/"},"modified":"2024-07-09T10:13:30","modified_gmt":"2024-07-09T08:13:30","slug":"adidas-superstar-originals","status":"publish","type":"product","link":"https:\/\/vielashop.com\/pt\/shop\/adidas-superstar-originals\/","title":{"rendered":"Adidas Superstar Originals"},"content":{"rendered":"<p>Nascida para o basquetebol, mas adotada pelo hip-hop e pelo skate, a cl\u00e1ssica sapatilha Superstar em pele mudou as regras assim que saiu do terreno de jogo. As 3 riscas serrilhadas, a ic\u00f3nica biqueira em concha e o log\u00f3tipo fazem desta silhueta um dos verdadeiros Originals.<\/p>\n<p>&nbsp;<\/p>\n<p><img data-recalc-dims=\"1\" decoding=\"async\" src=\"https:\/\/i0.wp.com\/ae01.alicdn.com\/kf\/Sf317a1a2e5924839b7c488b20335898cx.jpg?w=1080&#038;ssl=1\" \/><\/p>","protected":false},"excerpt":{"rendered":"<p>Nascida para o basquetebol, mas adotada pelo hip-hop e pelo skate, a cl\u00e1ssica sapatilha Superstar em pele mudou as regras assim que saiu do terreno&#8230;<\/p>","protected":false},"featured_media":25130,"template":"","meta":{"content-type":""},"product_brand":[],"product_cat":[320],"product_tag":[347,856],"class_list":{"0":"post-25131","1":"product","2":"type-product","3":"status-publish","4":"has-post-thumbnail","6":"product_cat-adidas","7":"product_tag-adidas","8":"product_tag-adidas-superstar","10":"first","11":"instock","12":"shipping-taxable","13":"purchasable","14":"product-type-variable"},"jetpack_sharing_enabled":true,"_links":{"self":[{"href":"https:\/\/vielashop.com\/pt\/wp-json\/wp\/v2\/product\/25131","targetHints":{"allow":["GET"]}}],"collection":[{"href":"https:\/\/vielashop.com\/pt\/wp-json\/wp\/v2\/product"}],"about":[{"href":"https:\/\/vielashop.com\/pt\/wp-json\/wp\/v2\/types\/product"}],"wp:featuredmedia":[{"embeddable":true,"href":"https:\/\/vielashop.com\/pt\/wp-json\/wp\/v2\/media\/25130"}],"wp:attachment":[{"href":"https:\/\/vielashop.com\/pt\/wp-json\/wp\/v2\/media?parent=25131"}],"wp:term":[{"taxonomy":"product_brand","embeddable":true,"href":"https:\/\/vielashop.com\/pt\/wp-json\/wp\/v2\/product_brand?post=25131"},{"taxonomy":"product_cat","embeddable":true,"href":"https:\/\/vielashop.com\/pt\/wp-json\/wp\/v2\/product_cat?post=25131"},{"taxonomy":"product_tag","embeddable":true,"href":"https:\/\/vielashop.com\/pt\/wp-json\/wp\/v2\/product_tag?post=25131"}],"curies":[{"name":"wp","href":"https:\/\/api.w.org\/{rel}","templated":true}]}}