{"id":25219,"date":"2024-07-09T10:04:59","date_gmt":"2024-07-09T08:04:59","guid":{"rendered":"https:\/\/vielasneakers.com\/loja\/new-balance-990v3-made-in-usa\/"},"modified":"2024-07-09T10:18:37","modified_gmt":"2024-07-09T08:18:37","slug":"new-balance-990v3-made-in-usa","status":"publish","type":"product","link":"https:\/\/vielashop.com\/pt\/shop\/new-balance-990v3-made-in-usa\/","title":{"rendered":"New Balance 990v3 MADE in USA"},"content":{"rendered":"<p>Os designers originais dos 990 foram desafiados a criar os melhores t\u00e9nis de corrida do mercado. O produto final fez jus \u00e0 tarefa. Quando chegaram \u00e0s montras pela primeira vez em 1982, os 990 apresentavam uma paleta de cores cinzenta elegantemente subtil, e uma etiqueta de pre\u00e7o de tr\u00eas d\u00edgitos in\u00e9dita na altura. Tanto para corredores ass\u00edduos como para criadores de tend\u00eancias, os 990 foram um marco de qualidade e gosto superior. Foram feitas atualiza\u00e7\u00f5es ao design desde 82, e mais op\u00e7\u00f5es de cores, mas a aura simb\u00f3lica do estatuto ambicioso dos 990 nunca mudou. Resumindo, os 990 s\u00e3o uns t\u00e9nis t\u00e3o bons que nunca iremos parar de os fabricar. Os 990v3 apresentam uma constru\u00e7\u00e3o da parte superior premium e amortecimento da sola interm\u00e9dia ENCAP.<\/p>\n<p>O cal\u00e7ado New Balance MADE U.S. tem um valor nacional de 70% ou mais. Os MADE representam uma parte limitada das vendas nos EUA da New Balance.<\/p>\n<p>&nbsp;<\/p>\n<p><img data-recalc-dims=\"1\" decoding=\"async\" src=\"https:\/\/i0.wp.com\/ae01.alicdn.com\/kf\/S4eb8363e1a4848f79e344dc796a49a35g.jpg?w=1080&#038;ssl=1\" \/><\/p>","protected":false},"excerpt":{"rendered":"<p>Os designers originais dos 990 foram desafiados a criar os melhores t\u00e9nis de corrida do mercado. O produto final fez jus \u00e0 tarefa. Quando chegaram&#8230;<\/p>","protected":false},"featured_media":25215,"template":"","meta":{"content-type":""},"product_brand":[],"product_cat":[319],"product_tag":[413,412],"class_list":{"0":"post-25219","1":"product","2":"type-product","3":"status-publish","4":"has-post-thumbnail","6":"product_cat-new-balance","7":"product_tag-new-balance","8":"product_tag-new-balance-990","10":"first","11":"instock","12":"shipping-taxable","13":"purchasable","14":"product-type-variable"},"jetpack_sharing_enabled":true,"_links":{"self":[{"href":"https:\/\/vielashop.com\/pt\/wp-json\/wp\/v2\/product\/25219","targetHints":{"allow":["GET"]}}],"collection":[{"href":"https:\/\/vielashop.com\/pt\/wp-json\/wp\/v2\/product"}],"about":[{"href":"https:\/\/vielashop.com\/pt\/wp-json\/wp\/v2\/types\/product"}],"wp:featuredmedia":[{"embeddable":true,"href":"https:\/\/vielashop.com\/pt\/wp-json\/wp\/v2\/media\/25215"}],"wp:attachment":[{"href":"https:\/\/vielashop.com\/pt\/wp-json\/wp\/v2\/media?parent=25219"}],"wp:term":[{"taxonomy":"product_brand","embeddable":true,"href":"https:\/\/vielashop.com\/pt\/wp-json\/wp\/v2\/product_brand?post=25219"},{"taxonomy":"product_cat","embeddable":true,"href":"https:\/\/vielashop.com\/pt\/wp-json\/wp\/v2\/product_cat?post=25219"},{"taxonomy":"product_tag","embeddable":true,"href":"https:\/\/vielashop.com\/pt\/wp-json\/wp\/v2\/product_tag?post=25219"}],"curies":[{"name":"wp","href":"https:\/\/api.w.org\/{rel}","templated":true}]}}